{"id":41,"date":"2023-08-28T17:29:48","date_gmt":"2023-08-28T15:29:48","guid":{"rendered":"https:\/\/performance-adviser.top\/?page_id=41"},"modified":"2024-01-31T09:52:19","modified_gmt":"2024-01-31T08:52:19","slug":"privacy-policy","status":"publish","type":"page","link":"https:\/\/www.performance-adviser.com\/en\/politique-de-confidentialite\/","title":{"rendered":"Privacy Policy"},"content":{"rendered":"<div data-elementor-type=\"wp-page\" data-elementor-id=\"41\" class=\"elementor elementor-41\" data-elementor-post-type=\"page\">\n\t\t\t\t<div class=\"elementor-element elementor-element-95372d9 e-flex e-con-boxed e-con e-child\" data-id=\"95372d9\" data-element_type=\"container\" data-e-type=\"container\" data-settings=\"{&quot;background_background&quot;:&quot;classic&quot;}\">\n\t\t\t\t\t<div class=\"e-con-inner\">\n\t\t<div class=\"elementor-element elementor-element-28611b5 e-flex e-con-boxed e-con e-child\" data-id=\"28611b5\" data-element_type=\"container\" data-e-type=\"container\">\n\t\t\t\t\t<div class=\"e-con-inner\">\n\t\t\t\t<div class=\"elementor-element elementor-element-6206f93 elementor-widget elementor-widget-heading\" data-id=\"6206f93\" data-element_type=\"widget\" data-e-type=\"widget\" data-widget_type=\"heading.default\">\n\t\t\t\t<div class=\"elementor-widget-container\">\n\t\t\t\t\t<h1 class=\"elementor-heading-title elementor-size-default\">PRIVACY POLICY<\/h1>\t\t\t\t<\/div>\n\t\t\t\t<\/div>\n\t\t<div class=\"elementor-element elementor-element-4d2e4e0 e-flex e-con-boxed e-con e-child\" data-id=\"4d2e4e0\" data-element_type=\"container\" data-e-type=\"container\">\n\t\t\t\t\t<div class=\"e-con-inner\">\n\t\t<div class=\"elementor-element elementor-element-7a8f58a e-con-full e-flex e-con e-child\" data-id=\"7a8f58a\" data-element_type=\"container\" data-e-type=\"container\">\n\t\t\t\t<div class=\"elementor-element elementor-element-dbc80dd elementor-view-default elementor-widget elementor-widget-icon\" data-id=\"dbc80dd\" data-element_type=\"widget\" data-e-type=\"widget\" data-widget_type=\"icon.default\">\n\t\t\t\t<div class=\"elementor-widget-container\">\n\t\t\t\t\t\t\t<div class=\"elementor-icon-wrapper\">\n\t\t\t<div class=\"elementor-icon\">\n\t\t\t<svg xmlns=\"http:\/\/www.w3.org\/2000\/svg\" xmlns:xlink=\"http:\/\/www.w3.org\/1999\/xlink\" x=\"0px\" y=\"0px\" viewbox=\"0 0 343 108.2\" style=\"enable-background:new 0 0 343 108.2;\" xml:space=\"preserve\"><style type=\"text\/css\">\t.st0{display:none;}\t.st1{display:inline;}\t.st2{clip-path:url(#SVGID_2_);fill:#EE745D;}\t.st3{clip-path:url(#SVGID_4_);fill:#EE745D;}<\/style><g id=\"Calque_1\" class=\"st0\">\t<g class=\"st1\">\t\t<defs>\t\t\t<rect id=\"SVGID_1_\" x=\"-1\" y=\"-118.9\" width=\"345\" height=\"346\"><\/rect>\t\t<\/defs>\t\t<clippath id=\"SVGID_2_\">\t\t\t<use xlink:href=\"#SVGID_1_\" style=\"overflow:visible;\"><\/use>\t\t<\/clippath>\t\t<path class=\"st2\" d=\"M26.5,33c-0.3,67.3,53.8,124.1,123.2,124.6c67.2,0.5,124.2-53.8,124.6-123.5C274.8-33.1,220.6-90.2,151-90.6   C83.8-91.1,27-36.8,26.5,33 M141.3-118.9h19.2c1,0.2,1.9,0.5,2.9,0.6c14.1,1.1,27.9,3.9,40.9,9.3c58.5,24.4,91.7,68.2,97.9,131.6   c2.7,27.6-2.9,54.1-15.5,78.7c-5.3,10.3-12,20-18.4,30.4c0.3,0.3,1.4,1.1,2.4,2.1c22,22,44.1,44,66,66.2c2.9,3,4.9,6.8,7.3,10.2   v6.1c-2,5.2-5.6,8.8-10.8,10.8h-6.1c-3.4-2.4-7.3-4.5-10.2-7.4c-22-21.8-43.8-43.7-65.6-65.6c-1.1-1.1-2-2.4-3.1-3.6   c-1.4,1-2.3,1.7-3.2,2.4c-36.1,27.9-76.7,38.3-121.7,30.4C54.3,171.1,1.4,110.4-1.2,40.4c-1.1-30.4,5.6-58.8,21.4-84.8   c23.7-39,58.1-63,102.9-71.9c5.9-1.2,12-1.8,17.9-2.7\"><\/path>\t<\/g><\/g><g id=\"Calque_2\">\t<g>\t\t<defs>\t\t\t<rect id=\"SVGID_3_\" x=\"4.5\" y=\"1.4\" width=\"334\" height=\"105.4\"><\/rect>\t\t<\/defs>\t\t<clippath id=\"SVGID_4_\">\t\t\t<use xlink:href=\"#SVGID_3_\" style=\"overflow:visible;\"><\/use>\t\t<\/clippath>\t\t<path class=\"st3\" d=\"M329.3,50.3c-92.6,68.6-185,71.9-276.4,25.4C33.1,65.6,13.5,51.5,4.5,41.4L24.6,1.8   c10.9,10,28.5,22.3,46.8,31.6c72.4,36.8,145.7,38.4,223-14.2c0,0,17.2-11.7,25.2-17.8l18.8,40.3C336.5,45,329.3,50.3,329.3,50.3\"><\/path>\t<\/g><\/g><\/svg>\t\t\t<\/div>\n\t\t<\/div>\n\t\t\t\t\t\t<\/div>\n\t\t\t\t<\/div>\n\t\t\t\t<\/div>\n\t\t\t\t\t<\/div>\n\t\t\t\t<\/div>\n\t\t\t\t\t<\/div>\n\t\t\t\t<\/div>\n\t\t\t\t\t<\/div>\n\t\t\t\t<\/div>\n\t\t<div class=\"elementor-element elementor-element-0c4a711 e-flex e-con-boxed e-con e-parent\" data-id=\"0c4a711\" data-element_type=\"container\" data-e-type=\"container\">\n\t\t\t\t\t<div class=\"e-con-inner\">\n\t\t\t\t<div class=\"elementor-element elementor-element-6cc2111 elementor-widget elementor-widget-text-editor\" data-id=\"6cc2111\" data-element_type=\"widget\" data-e-type=\"widget\" data-widget_type=\"text-editor.default\">\n\t\t\t\t<div class=\"elementor-widget-container\">\n\t\t\t\t\t\t\t\t\t<p style=\"font-weight: 400;\">PRIVACY POLICY<\/p><p style=\"font-weight: 400;\"><strong>PERSONAL DATA<\/strong><\/p><p style=\"font-weight: 400;\"><strong>GDPR<\/strong><\/p><p style=\"font-weight: 400;\">Performance Adviser is committed to ensuring the protection of Customer Personal Data in accordance with current data protection and information security laws, including, but not limited to, the EU General Data Protection Regulation 2016\/679, as implemented, supplemented and amended where applicable at a national level (\u201cGDPR\u201d), the Privacy and Electronic Communications Directive and various national laws concerning the protection of personal data.<\/p><p style=\"font-weight: 400;\">The data collected on this website is processed in accordance with Regulation (EU) 2016\/679 of the European Parliament and of the Council of 27 April 2016 on the protection of natural persons with regard to the processing of personal data and on the free movement of such data, and repealing Directive 95\/46\/EC (General Data Protection Regulation).<\/p><p style=\"font-weight: 400;\"><strong>Forms<\/strong><\/p><p style=\"font-weight: 400;\">This site uses forms. Data collected by Performance Adviser on these forms is exclusively for internal use.<\/p><p style=\"font-weight: 400;\">All personal information collected on this website, whether mandatory or optional, is solely intended for the internal services of Performance Adviser and will not, under any circumstances, be exchanged or resold to any external organisations whatsoever.<\/p><p style=\"font-weight: 400;\">Collection of personal data<\/p><p style=\"font-weight: 400;\">The data controller mentioned in this document is Performance Adviser, a limited liability company with its registered office at 9 rue de l\u2019Europe \u2013 ZAC de Marclaz 2- 74200 Anthy-sur-L\u00e9man, registered with the Thonon trade and companies register under the<\/p><p style=\"font-weight: 400;\">and whose legal representative is Mr Yves Lavorel.<\/p><p style=\"font-weight: 400;\">These data include, in particular:<\/p><ul style=\"font-weight: 400;\"><li>Email address<\/li><li>Industry sector<\/li><li>Function<\/li><\/ul><p style=\"font-weight: 400;\">The collection of information requested is carried out strictly to meet the needs of your information request. All requested answers are necessary for the processing of your request. Failure to reply to a mandatory field may jeopardise the processing of your requests, as well as the proper follow-up of your file.<\/p><p style=\"font-weight: 400;\">The personal information provided is recorded in an internal computer file by Performance Adviser.<\/p><p style=\"font-weight: 400;\">The use of the data collected will only be carried out to the extent necessary to ensure the proper processing of the request.<\/p><p style=\"font-weight: 400;\"><strong>Purpose of the conservation of personal data<\/strong><\/p><p style=\"font-weight: 400;\">The data collected will only be used to the extent necessary for managing the request.<\/p><p style=\"font-weight: 400;\">These data will only be used for the purpose of the request that necessitated their communication, otherwise.<\/p><p style=\"font-weight: 400;\"><strong>Retention period of personal data<\/strong><\/p><p style=\"font-weight: 400;\">Personal information is kept for a period not exceeding 3 years from its communication, in the absence of the finalisation of a property project.<\/p><p style=\"font-weight: 400;\">These deadlines will not apply<\/p><ul style=\"font-weight: 400;\"><li>If you exercise your right to have your data deleted, under the conditions mentioned below; ;<\/li><li>If a longer shelf life is permitted or required under a legal or regulatory obligation.<\/li><\/ul><p style=\"font-weight: 400;\">In all cases, personal data will be retained for the entire duration necessary for processing the request.<\/p><p style=\"font-weight: 400;\">During this period, Performance Adviser undertakes to implement all means appropriate to ensure the confidentiality and security of this data, so as to prevent its alteration, erasure, or access by an unauthorised third party.<\/p><p style=\"font-weight: 400;\"><strong>Protection of access to personal data<\/strong><\/p><p style=\"font-weight: 400;\">Access to personal data is strictly limited to Performance Adviser personnel for the purpose of processing the request.<\/p><p style=\"font-weight: 400;\">Performance Adviser undertakes not to sell, rent, assign or allow access to third parties to data without the prior consent of the person identified or identifiable by this data, unless there is a legitimate reason.<\/p><p style=\"font-weight: 400;\"><strong>Exert your rights<\/strong><\/p><p style=\"font-weight: 400;\">You have a right to access, rectify, and obtain a copy of this data; to erasure (or \u00abto be forgotten\u00bb); to restrict the processing of your personal data; to notification; to object, except for \u00ablegitimate and compelling grounds\u00bb such as processing for statistical, historical, or scientific research purposes; not to be subject to a legal decision based solely on automated processing; and to data portability concerning your information.<\/p><p style=\"font-weight: 400;\">To exercise this right, please contact\u00a0<a href=\"mailto:contact@performance-adviser.com\">contact@performance-adviser.com<\/a>.<\/p><p style=\"font-weight: 400;\">For any complaints or concerns, you have the option to contact the National Commission for Information Technology and Civil Liberties (CNIL).<\/p><p style=\"font-weight: 400;\"><strong>BISCUITS<\/strong><\/p><p style=\"font-weight: 400;\">What is a cookie?<\/p><p style=\"font-weight: 400;\">A cookie is a text file that is deposited on your computer, subject to your choices, when you visit a website or view an advertisement. Its purpose is to collect information about your browsing habits and to provide you with services tailored to your device (computer, mobile phone, or tablet). Cookies are managed by your internet browser, and only the issuer of a cookie can read or modify the information contained within it.<\/p><p style=\"font-weight: 400;\"><strong>The cookies issued on this site<\/strong><\/p><p style=\"font-weight: 400;\">Some cookies are essential for the use of the Site. Others, if not essential, allow for optimised use of the Site, particularly by personalising the display of content.<\/p><p style=\"font-weight: 400;\">Technical and necessary cookies for the website to function<\/p><p style=\"font-weight: 400;\">These cookies help to ensure the security and performance of the site. Necessary cookies help make the Site usable by enabling basic functions such as page navigation and access to secure areas of the Site. The latter cannot function correctly without these cookies. They are strictly necessary for its operation and cannot be deactivated without risking losing access to the Site or certain services of the Site.<\/p><p style=\"font-weight: 400;\">Functional cookies to improve website usability and content customisation<\/p><p style=\"font-weight: 400;\">These cookies are strictly necessary for navigation. Performance Adviser uses them in its legitimate interest, in order to provide an optimal user experience tailored to the user's personal preferences (detection of navigation problems, improvement of ergonomics...).<\/p><p style=\"font-weight: 400;\">Statistics and audience measurement cookies<\/p><p style=\"font-weight: 400;\">These cookies help Performance Adviser by collecting and communicating information anonymously, to understand how users interact with the Site or mobile applications. They can be used to measure the traffic and usage of the Site or applications. Thus, they enable studies to be conducted and help us to improve the appeal and usability of our services. They do not allow for global tracking of your browsing on other applications or other sites and do not lead to a cross-referencing of data with other processing or with third parties.<\/p><p style=\"font-weight: 400;\">Audience measurement cookies are used in the legitimate interest of Performance Adviser, to analyse the pages of the site visited and allow it to establish anonymous statistics of its traffic.<\/p><p style=\"font-weight: 400;\">Certain cookies enable both audience measurement and navigation tracking. In this case, they require your consent.<\/p><p style=\"font-weight: 400;\">Advertising cookies<\/p><p style=\"font-weight: 400;\">These cookies are used to track users' browsing activity on the Website and mobile applications. The aim is to display advertisements that are relevant and of interest to the user. These cookies have the following purposes, among others:<\/p><ul style=\"font-weight: 400;\"><li>Display personalised advertising based on your profile and browsing history,<\/li><li>Measure advertising audience reach,<\/li><li>Presenting targeted advertisements tailored to your interests based on the pages you have viewed on our website or mobile app,<\/li><li>Personalise editorial content based on your browsing.,<\/li><li>Display, in real-time, the content most suited to your interests, deduced from your recent browsing on one or more sites,<\/li><li>Allow sharing of content on social media.<\/li><\/ul><p style=\"font-weight: 400;\">Third-party cookies<\/p><p style=\"font-weight: 400;\">These cookies are placed by third parties. The issuing and use of cookies by third parties are subject to the privacy policies of these third parties. We inform you of the purpose of the cookies we are aware of and the means available to you to make choices regarding these cookies. You will find more information on the purposes of cookies placed by third parties by reading these partners' privacy policies.<\/p><p style=\"font-weight: 400;\"><strong>Manage your cookie choices<\/strong><\/p><p style=\"font-weight: 400;\">Several options are available to you for managing cookies. Any settings you choose to make may affect your browsing experience and your access to certain services that require the use of cookies.<br \/>You can choose at any time to express and modify your cookie preferences, by the means described below.<\/p><p style=\"font-weight: 400;\">You can configure your browser software so that cookies are stored on your device, or conversely, that they are rejected, either systematically or depending on their issuer. You can also configure your browser software so that the acceptance or rejection of cookies is offered to you from time to time, before a cookie is likely to be stored on your device.<\/p><p style=\"font-weight: 400;\">For the management of cookies and your choices, the configuration of each browser is different. It is described in your browser's help menu, which will tell you how to modify your cookie preferences.<\/p><ul style=\"font-weight: 400;\"><li>For Internet Explorer\u2122:\u00a0<a href=\"https:\/\/support.microsoft.com\/fr-fr\/help\/17442\/windows-internet-explorer-delete-manage-cookies\" target=\"_blank\" rel=\"noopener\">https:\/\/support.microsoft.com\/fr-fr\/help\/17442\/windows-internet-explorer-delete-manage-cookies<\/a><\/li><li>For Safari\u2122:\u00a0<a href=\"https:\/\/support.apple.com\/fr-fr\/HT201265\" target=\"_blank\" rel=\"noopener\">https:\/\/support.apple.com\/fr-fr\/HT201265<\/a><\/li><li>For Chrome\u2122:\u00a0<a href=\"https:\/\/support.google.com\/accounts\/answer\/61416?hl=fr\" target=\"_blank\" rel=\"noopener\">https:\/\/support.google.com\/accounts\/answer\/61416?hl=fr<\/a><\/li><li>For Firefox\u2122:\u00a0<a href=\"https:\/\/support.mozilla.org\/en-US\/kb\/enable-and-disable-cookies-website-preferences\" target=\"_blank\" rel=\"noopener\">https:\/\/support.mozilla.org\/en-US\/kb\/enable-and-disable-cookies-website-preferences<\/a><\/li><li>For Opera\u2122\u00a0<a href=\"http:\/\/help.opera.com\/opera\/Windows\/2393\/fr\/controlPages.html#manageCookies\" target=\"_blank\" rel=\"noopener\">http:\/\/help.opera.com\/opera\/Windows\/2393\/fr\/controlPages.html#manageCookies<\/a><\/li><\/ul><p style=\"font-weight: 400;\">\u00a0<\/p>\t\t\t\t\t\t\t\t<\/div>\n\t\t\t\t<\/div>\n\t\t\t\t\t<\/div>\n\t\t\t\t<\/div>\n\t\t\t\t<\/div>","protected":false},"excerpt":{"rendered":"<p>POLITIQUE DE CONFIDENTIALIT\u00c9 POLITIQUE DE CONFIDENTIALIT\u00c9 DONN\u00c9ES PERSONNELLES RGPD Performance Adviser s\u2019est engag\u00e9e \u00e0 garantir la protection des Donn\u00e9es Personnelles Clients conform\u00e9ment aux lois en vigueur sur la protection des donn\u00e9es et la s\u00e9curit\u00e9 de l\u2019information dont, de mani\u00e8re non exhaustive, le R\u00e8glement G\u00e9n\u00e9ral sur la Protection des Donn\u00e9es de l\u2019UE 2016\/679, tel qu\u2019impl\u00e9ment\u00e9, compl\u00e9t\u00e9 [&hellip;]<\/p>\n","protected":false},"author":5,"featured_media":0,"parent":0,"menu_order":0,"comment_status":"closed","ping_status":"closed","template":"","meta":{"_acf_changed":false,"footnotes":""},"folder":[],"class_list":["post-41","page","type-page","status-publish","hentry"],"acf":[],"_links":{"self":[{"href":"https:\/\/www.performance-adviser.com\/en\/wp-json\/wp\/v2\/pages\/41","targetHints":{"allow":["GET"]}}],"collection":[{"href":"https:\/\/www.performance-adviser.com\/en\/wp-json\/wp\/v2\/pages"}],"about":[{"href":"https:\/\/www.performance-adviser.com\/en\/wp-json\/wp\/v2\/types\/page"}],"author":[{"embeddable":true,"href":"https:\/\/www.performance-adviser.com\/en\/wp-json\/wp\/v2\/users\/5"}],"replies":[{"embeddable":true,"href":"https:\/\/www.performance-adviser.com\/en\/wp-json\/wp\/v2\/comments?post=41"}],"version-history":[{"count":21,"href":"https:\/\/www.performance-adviser.com\/en\/wp-json\/wp\/v2\/pages\/41\/revisions"}],"predecessor-version":[{"id":6859,"href":"https:\/\/www.performance-adviser.com\/en\/wp-json\/wp\/v2\/pages\/41\/revisions\/6859"}],"wp:attachment":[{"href":"https:\/\/www.performance-adviser.com\/en\/wp-json\/wp\/v2\/media?parent=41"}],"wp:term":[{"taxonomy":"folder","embeddable":true,"href":"https:\/\/www.performance-adviser.com\/en\/wp-json\/wp\/v2\/folder?post=41"}],"curies":[{"name":"wp","href":"https:\/\/api.w.org\/{rel}","templated":true}]}}