{"id":38,"date":"2023-08-28T17:29:39","date_gmt":"2023-08-28T15:29:39","guid":{"rendered":"https:\/\/performance-adviser.top\/?page_id=38"},"modified":"2024-01-31T09:51:27","modified_gmt":"2024-01-31T08:51:27","slug":"mentions-legales","status":"publish","type":"page","link":"https:\/\/www.performance-adviser.com\/en\/mentions-legales\/","title":{"rendered":"Legal notice"},"content":{"rendered":"<div data-elementor-type=\"wp-page\" data-elementor-id=\"38\" class=\"elementor elementor-38\" data-elementor-post-type=\"page\">\n\t\t\t\t<div class=\"elementor-element elementor-element-b1923f8 e-flex e-con-boxed e-con e-child\" data-id=\"b1923f8\" data-element_type=\"container\" data-e-type=\"container\" data-settings=\"{&quot;background_background&quot;:&quot;classic&quot;}\">\n\t\t\t\t\t<div class=\"e-con-inner\">\n\t\t<div class=\"elementor-element elementor-element-b27a94d e-flex e-con-boxed e-con e-child\" data-id=\"b27a94d\" data-element_type=\"container\" data-e-type=\"container\">\n\t\t\t\t\t<div class=\"e-con-inner\">\n\t\t\t\t<div class=\"elementor-element elementor-element-fc9a0c4 elementor-widget elementor-widget-heading\" data-id=\"fc9a0c4\" data-element_type=\"widget\" data-e-type=\"widget\" data-widget_type=\"heading.default\">\n\t\t\t\t<div class=\"elementor-widget-container\">\n\t\t\t\t\t<h1 class=\"elementor-heading-title elementor-size-default\">MENTIONS LEGALES<\/h1>\t\t\t\t<\/div>\n\t\t\t\t<\/div>\n\t\t<div class=\"elementor-element elementor-element-f7dbeb7 e-flex e-con-boxed e-con e-child\" data-id=\"f7dbeb7\" data-element_type=\"container\" data-e-type=\"container\">\n\t\t\t\t\t<div class=\"e-con-inner\">\n\t\t<div class=\"elementor-element elementor-element-5bbaa6a e-con-full e-flex e-con e-child\" data-id=\"5bbaa6a\" data-element_type=\"container\" data-e-type=\"container\">\n\t\t\t\t<div class=\"elementor-element elementor-element-d05522f elementor-view-default elementor-widget elementor-widget-icon\" data-id=\"d05522f\" data-element_type=\"widget\" data-e-type=\"widget\" data-widget_type=\"icon.default\">\n\t\t\t\t<div class=\"elementor-widget-container\">\n\t\t\t\t\t\t\t<div class=\"elementor-icon-wrapper\">\n\t\t\t<div class=\"elementor-icon\">\n\t\t\t<svg xmlns=\"http:\/\/www.w3.org\/2000\/svg\" xmlns:xlink=\"http:\/\/www.w3.org\/1999\/xlink\" x=\"0px\" y=\"0px\" viewbox=\"0 0 343 108.2\" style=\"enable-background:new 0 0 343 108.2;\" xml:space=\"preserve\"><style type=\"text\/css\">\t.st0{display:none;}\t.st1{display:inline;}\t.st2{clip-path:url(#SVGID_2_);fill:#EE745D;}\t.st3{clip-path:url(#SVGID_4_);fill:#EE745D;}<\/style><g id=\"Calque_1\" class=\"st0\">\t<g class=\"st1\">\t\t<defs>\t\t\t<rect id=\"SVGID_1_\" x=\"-1\" y=\"-118.9\" width=\"345\" height=\"346\"><\/rect>\t\t<\/defs>\t\t<clippath id=\"SVGID_2_\">\t\t\t<use xlink:href=\"#SVGID_1_\" style=\"overflow:visible;\"><\/use>\t\t<\/clippath>\t\t<path class=\"st2\" d=\"M26.5,33c-0.3,67.3,53.8,124.1,123.2,124.6c67.2,0.5,124.2-53.8,124.6-123.5C274.8-33.1,220.6-90.2,151-90.6   C83.8-91.1,27-36.8,26.5,33 M141.3-118.9h19.2c1,0.2,1.9,0.5,2.9,0.6c14.1,1.1,27.9,3.9,40.9,9.3c58.5,24.4,91.7,68.2,97.9,131.6   c2.7,27.6-2.9,54.1-15.5,78.7c-5.3,10.3-12,20-18.4,30.4c0.3,0.3,1.4,1.1,2.4,2.1c22,22,44.1,44,66,66.2c2.9,3,4.9,6.8,7.3,10.2   v6.1c-2,5.2-5.6,8.8-10.8,10.8h-6.1c-3.4-2.4-7.3-4.5-10.2-7.4c-22-21.8-43.8-43.7-65.6-65.6c-1.1-1.1-2-2.4-3.1-3.6   c-1.4,1-2.3,1.7-3.2,2.4c-36.1,27.9-76.7,38.3-121.7,30.4C54.3,171.1,1.4,110.4-1.2,40.4c-1.1-30.4,5.6-58.8,21.4-84.8   c23.7-39,58.1-63,102.9-71.9c5.9-1.2,12-1.8,17.9-2.7\"><\/path>\t<\/g><\/g><g id=\"Calque_2\">\t<g>\t\t<defs>\t\t\t<rect id=\"SVGID_3_\" x=\"4.5\" y=\"1.4\" width=\"334\" height=\"105.4\"><\/rect>\t\t<\/defs>\t\t<clippath id=\"SVGID_4_\">\t\t\t<use xlink:href=\"#SVGID_3_\" style=\"overflow:visible;\"><\/use>\t\t<\/clippath>\t\t<path class=\"st3\" d=\"M329.3,50.3c-92.6,68.6-185,71.9-276.4,25.4C33.1,65.6,13.5,51.5,4.5,41.4L24.6,1.8   c10.9,10,28.5,22.3,46.8,31.6c72.4,36.8,145.7,38.4,223-14.2c0,0,17.2-11.7,25.2-17.8l18.8,40.3C336.5,45,329.3,50.3,329.3,50.3\"><\/path>\t<\/g><\/g><\/svg>\t\t\t<\/div>\n\t\t<\/div>\n\t\t\t\t\t\t<\/div>\n\t\t\t\t<\/div>\n\t\t\t\t<\/div>\n\t\t\t\t\t<\/div>\n\t\t\t\t<\/div>\n\t\t\t\t\t<\/div>\n\t\t\t\t<\/div>\n\t\t\t\t\t<\/div>\n\t\t\t\t<\/div>\n\t\t<div class=\"elementor-element elementor-element-ad45721 e-flex e-con-boxed e-con e-parent\" data-id=\"ad45721\" data-element_type=\"container\" data-e-type=\"container\">\n\t\t\t\t\t<div class=\"e-con-inner\">\n\t\t\t\t<div class=\"elementor-element elementor-element-9565026 elementor-widget elementor-widget-text-editor\" data-id=\"9565026\" data-element_type=\"widget\" data-e-type=\"widget\" data-widget_type=\"text-editor.default\">\n\t\t\t\t<div class=\"elementor-widget-container\">\n\t\t\t\t\t\t\t\t\t<p style=\"font-weight: 400;\"><strong>MENTIONS LEGALES<\/strong><\/p><p style=\"font-weight: 400;\">Informations \u00e9diteur<\/p><p style=\"font-weight: 400;\"><strong>URL du site Web<\/strong><\/p><p style=\"font-weight: 400;\">https:\/\/www.performance-adviser.com\/<strong>\u00a0<\/strong><\/p><p style=\"font-weight: 400;\"><strong>Propri\u00e9taire du site Web<\/strong><\/p><p style=\"font-weight: 400;\">Performance Adviser<\/p><p style=\"font-weight: 400;\">9 rue de l\u2019Europe &#8211; ZAC de Marclaz 2<\/p><p style=\"font-weight: 400;\">74200 Anthy-sur-L\u00e9man<\/p><p style=\"font-weight: 400;\">RCS Thonon 411\u00a0653\u00a0181<\/p><p style=\"font-weight: 400;\">T\u00e9l\u00e9phone : +33 (0) 4 50 17 00\u00a050<\/p><p style=\"font-weight: 400;\">Email :\u00a0<u>contact@performance-adviser.com<\/u><\/p><p style=\"font-weight: 400;\"><strong>Directeur de Publication<\/strong><\/p><p style=\"font-weight: 400;\">Yves Lavorel<\/p><p style=\"font-weight: 400;\"><strong>H\u00e9bergeur<\/strong><\/p><p style=\"font-weight: 400;\">Celeonet<\/p><p style=\"font-weight: 400;\">70 rue Berthie Albrecht<br \/>94400 Vitry-sur-Seine<\/p><p style=\"font-weight: 400;\">T\u00e9l\u00e9phone :\u00a001 40 64 01 31<\/p><p style=\"font-weight: 400;\"><u><a href=\"http:\/\/www.celeonet.fr\/contact\/\" target=\"_blank\" rel=\"noopener\">www.celeonet.fr\/contact\/<\/a><\/u><\/p><p style=\"font-weight: 400;\"><strong>Cr\u00e9dits<\/strong><\/p><p style=\"font-weight: 400;\">Agence STATION NEXT<\/p><p style=\"font-weight: 400;\"><strong>Propri\u00e9t\u00e9 intellectuelle<\/strong><\/p><p style=\"font-weight: 400;\">Performance Adviser informe les utilisateurs de ce site que la plupart des informations et donn\u00e9es qui y figurent sont prot\u00e9g\u00e9es par les dispositions l\u00e9gales relatives aux droits de propri\u00e9t\u00e9 intellectuelle.<\/p><p style=\"font-weight: 400;\">Les informations et donn\u00e9es ainsi prot\u00e9g\u00e9es figurant sur ce site sont la propri\u00e9t\u00e9 de Performance Adviser ou de tiers ayant autoris\u00e9 Performance Adviser \u00e0 les exploiter. Toute repr\u00e9sentation, reproduction, utilisation, adaptation ou modification en tout ou partie ainsi que toute exploitation m\u00eame partielle de ces informations et donn\u00e9es est prohib\u00e9e sans l\u2019autorisation expresse et pr\u00e9alable de Performance Adviser. Le non-respect de cette interdiction pourra engager la responsabilit\u00e9 civile et p\u00e9nale de l\u2019utilisateur de ce site notamment au titre des dispositions de l\u2019article L335-2 du Code de la Propri\u00e9t\u00e9 Intellectuelle relatives \u00e0 la contrefa\u00e7on punie de trois ans d\u2019emprisonnement et de 300 000 euros d\u2019amende.<\/p><p style=\"font-weight: 400;\">L\u2019utilisation de ce site est r\u00e9serv\u00e9e \u00e0 un usage strictement personnel de l\u2019utilisateur. L\u2019ensemble de ce site rel\u00e8ve de la l\u00e9gislation fran\u00e7aise sur le droit d\u2019auteur et la propri\u00e9t\u00e9 intellectuelle. Tous les droits de reproduction y sont r\u00e9serv\u00e9s, y compris les documents que vous pouvez t\u00e9l\u00e9charger, les illustrations, les fichiers multim\u00e9dias et les vid\u00e9os.<\/p><p style=\"font-weight: 400;\">La reproduction de tout ou partie de ce site est formellement interdite sauf autorisation expresse du directeur de la publication. Si vous souhaitez utiliser tout ou partie de ce site, contactez\u00a0contact@performance-adviser.com en pr\u00e9cisant quels contenus pr\u00e9cis vous souhaitez reproduire, dans quel contexte et sur quels supports.<\/p><p style=\"font-weight: 400;\"><strong>Responsabilit\u00e9<\/strong><\/p><p style=\"font-weight: 400;\">L\u2019utilisation de ce site est r\u00e9serv\u00e9e \u00e0 un usage strictement personnel de l\u2019utilisateur. Les informations et donn\u00e9es contenues dans ce site sont des informations et donn\u00e9es \u00e0 caract\u00e8re g\u00e9n\u00e9ral et n\u2019ont pas de valeur contractuelle. Les pr\u00e9sentes mentions l\u00e9gales ainsi que les informations et donn\u00e9es contenues dans ce site sont sujettes \u00e0 modification sans pr\u00e9avis.<\/p><p style=\"font-weight: 400;\">Les liens hypertextes mis en \u0153uvre au sein de ce site en direction d\u2019autres sites et d\u2019une mani\u00e8re g\u00e9n\u00e9rale vers toutes ressources existantes sur Internet ne sauraient engager la responsabilit\u00e9 de\u00a0contact@performance-adviser.com. La mise en \u0153uvre d\u2019un lien hypertexte vers le site <u><a href=\"https:\/\/www.performance-adviser.com\/en\/\">https:\/\/www.performance-adviser.com<\/a> <\/u><u>ne<\/u> pourra se faire que sous r\u00e9serve de l\u2019autorisation expresse et pr\u00e9alable de Performance Adviser.<\/p><p style=\"font-weight: 400;\">Le site <u><a href=\"https:\/\/www.performance-adviser.com\/en\/\">https:\/\/www.performance-adviser.com<\/a> <\/u>et les pr\u00e9sentes mentions l\u00e9gales sont soumis au droit fran\u00e7ais.<\/p><p style=\"font-weight: 400;\">Vous utilisez le site <u><a href=\"https:\/\/www.performance-adviser.com\/en\/\">https:\/\/www.performance-adviser.com<\/a> <\/u>sous votre seule et enti\u00e8re responsabilit\u00e9.<\/p><p style=\"font-weight: 400;\">Performance Adviser ne pourra pas \u00eatre tenue pour responsable de tout dommage direct ou indirect tel que notamment pr\u00e9judice mat\u00e9riel, pertes de donn\u00e9es ou de programme, pr\u00e9judice financier r\u00e9sultant de l\u2019acc\u00e8s et de l\u2019utilisation de ce site par l\u2019utilisateur ou de sites qui lui sont li\u00e9s.<\/p>\t\t\t\t\t\t\t\t<\/div>\n\t\t\t\t<\/div>\n\t\t\t\t\t<\/div>\n\t\t\t\t<\/div>\n\t\t\t\t<\/div>","protected":false},"excerpt":{"rendered":"<p>MENTIONS LEGALES MENTIONS LEGALES Informations \u00e9diteur URL du site Web https:\/\/www.performance-adviser.com\/\u00a0 Propri\u00e9taire du site Web Performance Adviser 9 rue de l\u2019Europe &#8211; ZAC de Marclaz 2 74200 Anthy-sur-L\u00e9man RCS Thonon 411\u00a0653\u00a0181 T\u00e9l\u00e9phone : +33 (0) 4 50 17 00\u00a050 Email :\u00a0contact@performance-adviser.com Directeur de Publication Yves Lavorel H\u00e9bergeur Celeonet 70 rue Berthie Albrecht94400 Vitry-sur-Seine T\u00e9l\u00e9phone :\u00a001 [&hellip;]<\/p>\n","protected":false},"author":5,"featured_media":0,"parent":0,"menu_order":0,"comment_status":"closed","ping_status":"closed","template":"","meta":{"_acf_changed":false,"footnotes":""},"folder":[],"class_list":["post-38","page","type-page","status-publish","hentry"],"acf":[],"_links":{"self":[{"href":"https:\/\/www.performance-adviser.com\/en\/wp-json\/wp\/v2\/pages\/38","targetHints":{"allow":["GET"]}}],"collection":[{"href":"https:\/\/www.performance-adviser.com\/en\/wp-json\/wp\/v2\/pages"}],"about":[{"href":"https:\/\/www.performance-adviser.com\/en\/wp-json\/wp\/v2\/types\/page"}],"author":[{"embeddable":true,"href":"https:\/\/www.performance-adviser.com\/en\/wp-json\/wp\/v2\/users\/5"}],"replies":[{"embeddable":true,"href":"https:\/\/www.performance-adviser.com\/en\/wp-json\/wp\/v2\/comments?post=38"}],"version-history":[{"count":23,"href":"https:\/\/www.performance-adviser.com\/en\/wp-json\/wp\/v2\/pages\/38\/revisions"}],"predecessor-version":[{"id":6856,"href":"https:\/\/www.performance-adviser.com\/en\/wp-json\/wp\/v2\/pages\/38\/revisions\/6856"}],"wp:attachment":[{"href":"https:\/\/www.performance-adviser.com\/en\/wp-json\/wp\/v2\/media?parent=38"}],"wp:term":[{"taxonomy":"folder","embeddable":true,"href":"https:\/\/www.performance-adviser.com\/en\/wp-json\/wp\/v2\/folder?post=38"}],"curies":[{"name":"wp","href":"https:\/\/api.w.org\/{rel}","templated":true}]}}